{"id":11202,"date":"2025-10-21T19:22:21","date_gmt":"2025-10-21T17:22:21","guid":{"rendered":"https:\/\/www.juditgasso.com\/sobre-mi\/"},"modified":"2025-11-25T10:49:39","modified_gmt":"2025-11-25T08:49:39","slug":"sobre-mi","status":"publish","type":"page","link":"https:\/\/www.juditgasso.com\/es\/sobre-mi\/","title":{"rendered":"Sobre m\u00ed"},"content":{"rendered":"<div class=\"wpb-content-wrapper\"><p>[vc_row css=\u00bb.vc_custom_1456491298183{padding-bottom: 55px !important;}\u00bb][vc_column][vc_empty_space height=\u00bb10px\u00bb][\/vc_column][\/vc_row][vc_row css=\u00bb.vc_custom_1457086178711{padding-top: 0px !important;padding-bottom: 80px !important;}\u00bb][vc_column width=\u00bb1\/2&#8243;]<div class=\"tm-element-heading-wrapper tm-heading-inner tm-element-align-left tm-heading-with-separator \">[vc_cta h2=\"SOBRE MI\"  h2_google_fonts=\"font_family:Arimo%3Aregular%2Citalic%2C700%2C700italic|font_style:700%20bold%20regular%3A700%3Anormal\"  h4_google_fonts=\"font_family:Lato%3A100%2C100italic%2C300%2C300italic%2Cregular%2Citalic%2C700%2C700italic%2C900%2C900italic|font_style:300%20light%20regular%3A300%3Anormal\"  txt_align=\"left\"  heading_sep=\"yes\"  i_css_animation=\"\" css_animation=\"\"][\/vc_cta]<\/div> <!-- .tm-element-heading-wrapper container --> [vc_column_text css=\u00bb\u00bb]<span class=\"jCAhz ChMk0b\"><span class=\"ryNqvb\">Soy Graduada en Derecho por la Universidad de Lleida en 2014 y abogada colegiada\u00a0n\u00fam.<\/span><\/span> <span class=\"jCAhz ChMk0b\"><span class=\"ryNqvb\">2222 del Ilustre Colegio de Abogados de Lleida desde el a\u00f1o 2016. Postgrado de especializaci\u00f3n en mediaci\u00f3n civil, mercantil y concursal en el a\u00f1o 2017.<\/span><\/span><\/p>\n<p>Centro en el asesoramiento jur\u00eddico a particulares y empresas, tanto en el \u00e1mbito <strong>judicial<\/strong> como tambi\u00e9n en el \u00e1mbito <strong>extrajudicial<\/strong>.<\/p>\n<p>La <strong>honestidad<\/strong>, la <strong>transparencia<\/strong> y la <strong>proximidad<\/strong> con el cliente son una prioridad.[\/vc_column_text][\/vc_column][vc_column width=\u00bb1\/2&#8243;][vc_single_image image=\u00bb11203&#8243; img_size=\u00bblarge\u00bb alignment=\u00bbcenter\u00bb css=\u00bb\u00bb][\/vc_column][\/vc_row]<\/p>\n<\/div>","protected":false},"excerpt":{"rendered":"<p>[vc_row css=\u00bb.vc_custom_1456491298183{padding-bottom: 55px !important;}\u00bb][vc_column][vc_empty_space height=\u00bb10px\u00bb][\/vc_column][\/vc_row][vc_row css=\u00bb.vc_custom_1457086178711{padding-top: 0px !important;padding-bottom: 80px !important;}\u00bb][vc_column width=\u00bb1\/2&#8243;][vc_column_text css=\u00bb\u00bb]Soy Graduada en Derecho por la Universidad de Lleida en 2014 y abogada colegiada\u00a0n\u00fam. 2222 del Ilustre Colegio de Abogados de Lleida desde el a\u00f1o 2016. Postgrado de especializaci\u00f3n en mediaci\u00f3n civil, mercantil y concursal en el a\u00f1o 2017. Centro en el asesoramiento jur\u00eddico [&hellip;]<\/p>\n","protected":false},"author":1,"featured_media":0,"parent":0,"menu_order":2,"comment_status":"closed","ping_status":"closed","template":"","meta":{"footnotes":""},"class_list":["post-11202","page","type-page","status-publish","hentry"],"aioseo_notices":[],"_links":{"self":[{"href":"https:\/\/www.juditgasso.com\/es\/wp-json\/wp\/v2\/pages\/11202","targetHints":{"allow":["GET"]}}],"collection":[{"href":"https:\/\/www.juditgasso.com\/es\/wp-json\/wp\/v2\/pages"}],"about":[{"href":"https:\/\/www.juditgasso.com\/es\/wp-json\/wp\/v2\/types\/page"}],"author":[{"embeddable":true,"href":"https:\/\/www.juditgasso.com\/es\/wp-json\/wp\/v2\/users\/1"}],"replies":[{"embeddable":true,"href":"https:\/\/www.juditgasso.com\/es\/wp-json\/wp\/v2\/comments?post=11202"}],"version-history":[{"count":2,"href":"https:\/\/www.juditgasso.com\/es\/wp-json\/wp\/v2\/pages\/11202\/revisions"}],"predecessor-version":[{"id":11205,"href":"https:\/\/www.juditgasso.com\/es\/wp-json\/wp\/v2\/pages\/11202\/revisions\/11205"}],"wp:attachment":[{"href":"https:\/\/www.juditgasso.com\/es\/wp-json\/wp\/v2\/media?parent=11202"}],"curies":[{"name":"wp","href":"https:\/\/api.w.org\/{rel}","templated":true}]}}